{"id":1017,"date":"2026-03-06T02:50:46","date_gmt":"2026-03-06T02:50:46","guid":{"rendered":"https:\/\/kishiwada.tokushukai.or.jp\/en\/?page_id=1017"},"modified":"2026-04-11T04:00:20","modified_gmt":"2026-04-11T04:00:20","slug":"adult-vaccinations","status":"publish","type":"page","link":"https:\/\/kishiwada.tokushukai.or.jp\/en\/for-patients\/health-information\/adult-vaccinations\/","title":{"rendered":"Adult Vaccinations"},"content":{"rendered":"<section class=\"op-section max-container\">\n<h1>Adult Vaccinations<\/h1>\n<p><strong>Select your language:<\/strong><\/p>\n<p><a href=\"#en\">English<\/a> \/\u3000<a href=\"#zh\">\u4e2d\u6587<\/a> \/\u3000<a href=\"#vi\">Ti\u1ebfng Vi\u1ec7t<\/a> \/\u3000<a href=\"#ne\">\u0928\u0947\u092a\u093e\u0932\u0940<\/a><\/p>\n<div class=\"op-alert\">\n<div>\n<p><strong>Please note:<\/strong> We are currently not accepting appointments for adult vaccinations.<\/p>\n<\/p><\/div>\n<\/p><\/div>\n<section id=\"en\" class=\"op-section\">\n<h2>English<\/h2>\n<p>\n      We are currently not accepting appointments for adult vaccinations.<br \/>\n      Due to a decrease in the number of internal medicine physicians at our hospital,<br \/>\n      we are unable to provide vaccination-only appointments at this time.<br \/>\n      Thank you for your understanding.\n    <\/p>\n<\/section>\n<section id=\"zh\" class=\"op-section\">\n<h2>\u4e2d\u6587<\/h2>\n<p>\n      \u76ee\u524d\u672c\u9662\u6682\u505c\u63a5\u53d7\u6210\u4eba\u75ab\u82d7\u63a5\u79cd\u9884\u7ea6\u3002<br \/>\n      \u7531\u4e8e\u672c\u9662\u5185\u79d1\u533b\u751f\u4eba\u6570\u51cf\u5c11\uff0c\u73b0\u9636\u6bb5\u65e0\u6cd5\u63d0\u4f9b\u4ec5\u63a5\u79cd\u75ab\u82d7\u7684\u95e8\u8bca\u670d\u52a1\u3002<br \/>\n      \u611f\u8c22\u60a8\u7684\u7406\u89e3\u4e0e\u914d\u5408\u3002\n    <\/p>\n<\/section>\n<section id=\"vi\" class=\"op-section\">\n<h2>Ti\u1ebfng Vi\u1ec7t<\/h2>\n<p>\n      Hi\u1ec7n t\u1ea1i, b\u1ec7nh vi\u1ec7n ch\u00fang t\u00f4i t\u1ea1m th\u1eddi ch\u01b0a nh\u1eadn \u0111\u1eb7t l\u1ecbch ti\u00eam v\u1eafc-xin cho ng\u01b0\u1eddi l\u1edbn.<br \/>\n      Do s\u1ed1 l\u01b0\u1ee3ng b\u00e1c s\u0129 n\u1ed9i khoa c\u1ee7a b\u1ec7nh vi\u1ec7n gi\u1ea3m,<br \/>\n      hi\u1ec7n nay ch\u00fang t\u00f4i kh\u00f4ng th\u1ec3 b\u1ed1 tr\u00ed c\u00e1c bu\u1ed5i kh\u00e1m ch\u1ec9 d\u00e0nh ri\u00eang cho vi\u1ec7c ti\u00eam v\u1eafc-xin.<br \/>\n      Xin c\u1ea3m \u01a1n qu\u00fd b\u1ec7nh nh\u00e2n \u0111\u00e3 th\u00f4ng c\u1ea3m.\n    <\/p>\n<\/section>\n<section id=\"ne\" class=\"op-section\">\n<h2>\u0928\u0947\u092a\u093e\u0932\u0940<\/h2>\n<p>\n      \u0939\u093e\u0932 \u0939\u093e\u092e\u094d\u0930\u094b \u0905\u0938\u094d\u092a\u0924\u093e\u0932\u092e\u093e \u0935\u092f\u0938\u094d\u0915\u0939\u0930\u0942\u0915\u094b \u0916\u094b\u092a\u0915\u093e \u0932\u093e\u0917\u093f \u0905\u092a\u094b\u0907\u0928\u094d\u091f\u092e\u0947\u0928\u094d\u091f \u0932\u093f\u0907\u090f\u0915\u094b \u091b\u0948\u0928\u0964<br \/>\n      \u0939\u093e\u092e\u094d\u0930\u094b \u0905\u0938\u094d\u092a\u0924\u093e\u0932\u092e\u093e \u0906\u0928\u094d\u0924\u0930\u093f\u0915 \u091a\u093f\u0915\u093f\u0924\u094d\u0938\u093e \u0935\u093f\u092d\u093e\u0917\u0915\u093e \u091a\u093f\u0915\u093f\u0924\u094d\u0938\u0915\u0939\u0930\u0942\u0915\u094b \u0938\u0902\u0916\u094d\u092f\u093e \u0918\u091f\u0947\u0915\u094b \u0915\u093e\u0930\u0923,<br \/>\n      \u0905\u0939\u093f\u0932\u0947 \u0916\u094b\u092a \u092e\u093e\u0924\u094d\u0930 \u0932\u0917\u093e\u0909\u0928\u0947 \u0909\u0926\u094d\u0926\u0947\u0936\u094d\u092f\u0915\u093e \u0932\u093e\u0917\u093f \u091b\u0941\u091f\u094d\u091f\u0948 \u0905\u092a\u094b\u0907\u0928\u094d\u091f\u092e\u0947\u0928\u094d\u091f \u0909\u092a\u0932\u092c\u094d\u0927 \u0917\u0930\u093e\u0909\u0928 \u0939\u093e\u092e\u0940 \u0905\u0938\u092e\u0930\u094d\u0925 \u091b\u094c\u0902\u0964<br \/>\n      \u0924\u092a\u093e\u0908\u0902\u0915\u094b \u092c\u0941\u091d\u093e\u0907\u0915\u093e \u0932\u093e\u0917\u093f \u0927\u0928\u094d\u092f\u0935\u093e\u0926\u0964\n    <\/p>\n<\/section>\n<\/section>\n","protected":false},"excerpt":{"rendered":"<p>Adult Vaccinations Select your language: English \/\u3000\u4e2d\u6587 \/\u3000Ti\u1ebfng Vi\u1ec7t \/\u3000\u0928\u0947\u092a\u093e\u0932\u0940 Please note: We are currently not accepting appointments for adult vaccinations. English We are currently not accepting appointments for adult vaccinations. Due to a decrease in the number of internal medicine physicians at our hospital, we are unable to provide vaccination-only appointments at this time. [&hellip;]<\/p>\n","protected":false},"author":1,"featured_media":0,"parent":1083,"menu_order":0,"comment_status":"closed","ping_status":"closed","template":"","meta":{"footnotes":""},"class_list":["post-1017","page","type-page","status-publish","hentry"],"aioseo_notices":[],"_links":{"self":[{"href":"https:\/\/kishiwada.tokushukai.or.jp\/en\/wp-json\/wp\/v2\/pages\/1017","targetHints":{"allow":["GET"]}}],"collection":[{"href":"https:\/\/kishiwada.tokushukai.or.jp\/en\/wp-json\/wp\/v2\/pages"}],"about":[{"href":"https:\/\/kishiwada.tokushukai.or.jp\/en\/wp-json\/wp\/v2\/types\/page"}],"author":[{"embeddable":true,"href":"https:\/\/kishiwada.tokushukai.or.jp\/en\/wp-json\/wp\/v2\/users\/1"}],"replies":[{"embeddable":true,"href":"https:\/\/kishiwada.tokushukai.or.jp\/en\/wp-json\/wp\/v2\/comments?post=1017"}],"version-history":[{"count":2,"href":"https:\/\/kishiwada.tokushukai.or.jp\/en\/wp-json\/wp\/v2\/pages\/1017\/revisions"}],"predecessor-version":[{"id":1032,"href":"https:\/\/kishiwada.tokushukai.or.jp\/en\/wp-json\/wp\/v2\/pages\/1017\/revisions\/1032"}],"up":[{"embeddable":true,"href":"https:\/\/kishiwada.tokushukai.or.jp\/en\/wp-json\/wp\/v2\/pages\/1083"}],"wp:attachment":[{"href":"https:\/\/kishiwada.tokushukai.or.jp\/en\/wp-json\/wp\/v2\/media?parent=1017"}],"curies":[{"name":"wp","href":"https:\/\/api.w.org\/{rel}","templated":true}]}}