{"id":1435,"date":"2026-03-28T06:27:33","date_gmt":"2026-03-28T06:27:33","guid":{"rendered":"https:\/\/kishiwada.tokushukai.or.jp\/en\/for-patients\/health-information\/antibiotics\/"},"modified":"2026-04-11T04:00:20","modified_gmt":"2026-04-11T04:00:20","slug":"antibiotics","status":"publish","type":"page","link":"https:\/\/kishiwada.tokushukai.or.jp\/en\/for-patients\/health-information\/antibiotics\/","title":{"rendered":"Appropriate Use of Antibiotics"},"content":{"rendered":"<p><!-- Language Navigation --><\/p>\n<p class=\"lang-nav\">\n<strong>Language:<\/strong><br \/>\n<a href=\"#en\">English<\/a> \/<br \/>\n<a href=\"#zh\">\u4e2d\u6587<\/a> \/<br \/>\n<a href=\"#vi\">Ti\u1ebfng Vi\u1ec7t<\/a> \/<br \/>\n<a href=\"#tl\">Tagalog<\/a>\n<\/p>\n<section class=\"op-section\" id=\"en\">\n<h2>Appropriate Use of Antibiotics<\/h2>\n<div class=\"op-alert\">\n<p>\n      <strong>Important Information About Antibiotics<\/strong><br \/>\n      Antibiotics are important medications in pediatrics.<br \/>\n      We encourage parents and guardians to have a basic understanding of their proper use.\n    <\/p>\n<\/p><\/div>\n<p>  <!-- FAQ --><\/p>\n<section class=\"op-section\">\n<h2>FAQ<\/h2>\n<details class=\"ls-faq-item\">\n<summary>Are antibiotics necessary for colds (common cold symptoms)?<\/summary>\n<div class=\"ls-faq-answer\">\n<p><strong>No, in principle, they are not necessary.<\/strong><\/p>\n<p>\n          Antibiotics are used to treat <strong>bacterial infections<\/strong>.<br \/>\n          Most colds are caused by <strong>viruses<\/strong>, and antibiotics are not effective against viruses.<br \/>\n          Fever does not automatically mean antibiotics are needed.\n        <\/p>\n<\/p><\/div>\n<\/details>\n<details class=\"ls-faq-item\">\n<summary>Are antibiotics necessary for acute diarrhea?<\/summary>\n<div class=\"ls-faq-answer\">\n<p><strong>No, in principle, they are not necessary.<\/strong><\/p>\n<p>\n          Most cases of acute diarrhea are caused by viruses, and antibiotics are not effective.\n        <\/p>\n<p>\n          Even in bacterial diarrhea (such as food poisoning caused by<br \/>\n          <em>Salmonella<\/em> or pathogenic <em>E. coli<\/em>),<br \/>\n          the use of antibiotics is not always recommended.\n        <\/p>\n<\/p><\/div>\n<\/details>\n<details class=\"ls-faq-item\">\n<summary>In what situations are antibiotics necessary?<\/summary>\n<div class=\"ls-faq-answer\">\n<p>\n          Antibiotics are effective when an illness is caused by a <strong>bacterial infection<\/strong>.\n        <\/p>\n<p>\n          They may be necessary for bacterial pharyngitis, otitis media (middle ear infection),<br \/>\n          bronchitis, pneumonia, and similar conditions.\n        <\/p>\n<p>\n          In cases of bacterial diarrhea with severe symptoms, antibiotics may be considered.\n        <\/p>\n<p>\n          Even if an illness begins as a viral infection, antibiotics may be required<br \/>\n          if complications develop during the course of the illness.\n        <\/p>\n<\/p><\/div>\n<\/details>\n<details class=\"ls-faq-item\">\n<summary>Why is it important to use antibiotics correctly?<\/summary>\n<div class=\"ls-faq-answer\">\n<p>\n          Improper use can lead to the development of<br \/>\n          <strong>antibiotic-resistant bacteria<\/strong><br \/>\n          (bacteria that are no longer affected by antibiotics).\n        <\/p>\n<p>\n          If an illness is caused by resistant bacteria,<br \/>\n          treatment becomes much more difficult.\n        <\/p>\n<p>\n          It is important to use the appropriate antibiotic<br \/>\n          at the right time, in the right dose, and for the proper duration.\n        <\/p>\n<\/p><\/div>\n<\/details>\n<\/section>\n<p><strong>Department of Pediatrics<\/strong><br \/>\n  Kishiwada Tokushukai Hospital<\/p>\n<\/section>\n<p><!-- ================================================= --><br \/>\n<!-- Chinese --><br \/>\n<!-- ================================================= --><\/p>\n<section class=\"op-section\" id=\"zh\">\n<h2>\u6297\u751f\u7d20\u7684\u6b63\u786e\u4f7f\u7528<\/h2>\n<div class=\"op-alert\">\n<p>\n      <strong>\u5173\u4e8e\u6297\u751f\u7d20\u7684\u91cd\u8981\u8bf4\u660e<\/strong><br \/>\n      \u6297\u751f\u7d20\u5728\u513f\u79d1\u533b\u7597\u4e2d\u662f\u975e\u5e38\u91cd\u8981\u7684\u836f\u7269\u3002<br \/>\n      \u6211\u4eec\u5efa\u8bae\u5bb6\u957f\u548c\u76d1\u62a4\u4eba\u5bf9\u6297\u751f\u7d20\u7684\u6b63\u786e\u4f7f\u7528\u6709\u57fa\u672c\u7684\u4e86\u89e3\u3002\n    <\/p>\n<\/p><\/div>\n<section class=\"op-section\">\n<h2>\u5e38\u89c1\u95ee\u9898<\/h2>\n<details class=\"ls-faq-item\">\n<summary>\u611f\u5192\uff08\u666e\u901a\u611f\u5192\u75c7\u72b6\uff09\u9700\u8981\u4f7f\u7528\u6297\u751f\u7d20\u5417\uff1f<\/summary>\n<div class=\"ls-faq-answer\">\n<p><strong>\u539f\u5219\u4e0a\u4e0d\u9700\u8981\u3002<\/strong><\/p>\n<p>\n          \u6297\u751f\u7d20\u7528\u4e8e\u6cbb\u7597<strong>\u7ec6\u83cc\u611f\u67d3<\/strong>\u3002<br \/>\n          \u5927\u591a\u6570\u611f\u5192\u662f\u7531<strong>\u75c5\u6bd2<\/strong>\u5f15\u8d77\u7684\uff0c\u6297\u751f\u7d20\u5bf9\u75c5\u6bd2\u6ca1\u6709\u6548\u679c\u3002<br \/>\n          \u53d1\u70e7\u5e76\u4e0d\u610f\u5473\u7740\u5fc5\u987b\u4f7f\u7528\u6297\u751f\u7d20\u3002\n        <\/p>\n<\/p><\/div>\n<\/details>\n<details class=\"ls-faq-item\">\n<summary>\u6025\u6027\u8179\u6cfb\u9700\u8981\u4f7f\u7528\u6297\u751f\u7d20\u5417\uff1f<\/summary>\n<div class=\"ls-faq-answer\">\n<p><strong>\u539f\u5219\u4e0a\u4e0d\u9700\u8981\u3002<\/strong><\/p>\n<p>\n          \u5927\u591a\u6570\u6025\u6027\u8179\u6cfb\u662f\u7531\u75c5\u6bd2\u5f15\u8d77\u7684\uff0c\u6297\u751f\u7d20\u901a\u5e38\u6ca1\u6709\u6548\u679c\u3002\n        <\/p>\n<p>\n          \u5373\u4f7f\u662f\u7ec6\u83cc\u6027\u8179\u6cfb\uff08\u4f8b\u5982\u7531\u6c99\u95e8\u6c0f\u83cc\u6216\u81f4\u75c5\u6027\u5927\u80a0\u6746\u83cc\u5f15\u8d77\u7684\u98df\u7269\u4e2d\u6bd2\uff09\uff0c<br \/>\n          \u4e5f\u5e76\u4e0d\u603b\u662f\u5efa\u8bae\u4f7f\u7528\u6297\u751f\u7d20\u3002\n        <\/p>\n<\/p><\/div>\n<\/details>\n<details class=\"ls-faq-item\">\n<summary>\u5728\u4ec0\u4e48\u60c5\u51b5\u4e0b\u9700\u8981\u4f7f\u7528\u6297\u751f\u7d20\uff1f<\/summary>\n<div class=\"ls-faq-answer\">\n<p>\n          \u5f53\u75be\u75c5\u7531<strong>\u7ec6\u83cc\u611f\u67d3<\/strong>\u5f15\u8d77\u65f6\uff0c\u6297\u751f\u7d20\u624d\u6709\u6548\u3002\n        <\/p>\n<p>\n          \u4f8b\u5982\u7ec6\u83cc\u6027\u54bd\u708e\u3001\u4e2d\u8033\u708e\u3001\u652f\u6c14\u7ba1\u708e\u3001\u80ba\u708e\u7b49\u60c5\u51b5\u53ef\u80fd\u9700\u8981\u4f7f\u7528\u6297\u751f\u7d20\u3002\n        <\/p>\n<p>\n          \u5728\u4e25\u91cd\u7684\u7ec6\u83cc\u6027\u8179\u6cfb\u60c5\u51b5\u4e0b\uff0c\u4e5f\u53ef\u80fd\u4f1a\u8003\u8651\u4f7f\u7528\u6297\u751f\u7d20\u3002\n        <\/p>\n<p>\n          \u6709\u65f6\u75be\u75c5\u6700\u521d\u662f\u75c5\u6bd2\u611f\u67d3\uff0c\u4f46\u5982\u679c\u5728\u75c5\u7a0b\u4e2d\u51fa\u73b0\u5e76\u53d1\u75c7\uff0c<br \/>\n          \u4e5f\u53ef\u80fd\u9700\u8981\u4f7f\u7528\u6297\u751f\u7d20\u3002\n        <\/p>\n<\/p><\/div>\n<\/details>\n<details class=\"ls-faq-item\">\n<summary>\u4e3a\u4ec0\u4e48\u6b63\u786e\u4f7f\u7528\u6297\u751f\u7d20\u5f88\u91cd\u8981\uff1f<\/summary>\n<div class=\"ls-faq-answer\">\n<p>\n          \u4e0d\u5f53\u4f7f\u7528\u6297\u751f\u7d20\u53ef\u80fd\u5bfc\u81f4<br \/>\n          <strong>\u8010\u836f\u83cc<\/strong>\u7684\u4ea7\u751f\uff08\u5bf9\u6297\u751f\u7d20\u4e0d\u518d\u6709\u6548\u7684\u7ec6\u83cc\uff09\u3002\n        <\/p>\n<p>\n          \u5982\u679c\u611f\u67d3\u7531\u8010\u836f\u83cc\u5f15\u8d77\uff0c\u6cbb\u7597\u5c06\u53d8\u5f97\u66f4\u52a0\u56f0\u96be\u3002\n        <\/p>\n<p>\n          \u56e0\u6b64\uff0c\u5fc5\u987b\u5728\u6b63\u786e\u7684\u65f6\u95f4\u3001\u6b63\u786e\u7684\u5242\u91cf\u4ee5\u53ca\u6b63\u786e\u7684\u7597\u7a0b\u4e0b\u4f7f\u7528\u6297\u751f\u7d20\u3002\n        <\/p>\n<\/p><\/div>\n<\/details>\n<\/section>\n<p><strong>\u5c0f\u513f\u79d1<\/strong><br \/>\n  \u5cb8\u548c\u7530\u5fb7\u6d32\u4f1a\u533b\u9662<\/p>\n<\/section>\n<p><!-- ================================================= --><br \/>\n<!-- Vietnamese --><br \/>\n<!-- ================================================= --><\/p>\n<section class=\"op-section\" id=\"vi\">\n<h2>S\u1eed d\u1ee5ng kh\u00e1ng sinh \u0111\u00fang c\u00e1ch<\/h2>\n<div class=\"op-alert\">\n<p>\n      <strong>Th\u00f4ng tin quan tr\u1ecdng v\u1ec1 kh\u00e1ng sinh<\/strong><br \/>\n      Kh\u00e1ng sinh l\u00e0 lo\u1ea1i thu\u1ed1c quan tr\u1ecdng trong nhi khoa.<br \/>\n      Ch\u00fang t\u00f4i khuy\u1ebfn kh\u00edch ph\u1ee5 huynh v\u00e0 ng\u01b0\u1eddi gi\u00e1m h\u1ed9 hi\u1ec3u r\u00f5 c\u00e1ch s\u1eed d\u1ee5ng kh\u00e1ng sinh \u0111\u00fang c\u00e1ch.\n    <\/p>\n<\/p><\/div>\n<section class=\"op-section\">\n<h2>C\u00e2u h\u1ecfi th\u01b0\u1eddng g\u1eb7p<\/h2>\n<details class=\"ls-faq-item\">\n<summary>C\u1ea3m l\u1ea1nh (tri\u1ec7u ch\u1ee9ng c\u1ea3m c\u00fam th\u00f4ng th\u01b0\u1eddng) c\u00f3 c\u1ea7n d\u00f9ng kh\u00e1ng sinh kh\u00f4ng?<\/summary>\n<div class=\"ls-faq-answer\">\n<p><strong>V\u1ec1 nguy\u00ean t\u1eafc l\u00e0 kh\u00f4ng c\u1ea7n.<\/strong><\/p>\n<p>\n          Kh\u00e1ng sinh \u0111\u01b0\u1ee3c d\u00f9ng \u0111\u1ec3 \u0111i\u1ec1u tr\u1ecb <strong>nhi\u1ec5m khu\u1ea9n<\/strong>.<br \/>\n          H\u1ea7u h\u1ebft c\u00e1c tr\u01b0\u1eddng h\u1ee3p c\u1ea3m l\u1ea1nh do <strong>virus<\/strong> g\u00e2y ra,<br \/>\n          v\u00e0 kh\u00e1ng sinh kh\u00f4ng c\u00f3 t\u00e1c d\u1ee5ng \u0111\u1ed1i v\u1edbi virus.<br \/>\n          S\u1ed1t kh\u00f4ng c\u00f3 ngh\u0129a l\u00e0 c\u1ea7n ph\u1ea3i d\u00f9ng kh\u00e1ng sinh.\n        <\/p>\n<\/p><\/div>\n<\/details>\n<details class=\"ls-faq-item\">\n<summary>Ti\u00eau ch\u1ea3y c\u1ea5p c\u00f3 c\u1ea7n d\u00f9ng kh\u00e1ng sinh kh\u00f4ng?<\/summary>\n<div class=\"ls-faq-answer\">\n<p><strong>V\u1ec1 nguy\u00ean t\u1eafc l\u00e0 kh\u00f4ng c\u1ea7n.<\/strong><\/p>\n<p>\n          Ph\u1ea7n l\u1edbn c\u00e1c tr\u01b0\u1eddng h\u1ee3p ti\u00eau ch\u1ea3y c\u1ea5p do virus g\u00e2y ra v\u00e0 kh\u00e1ng sinh kh\u00f4ng c\u00f3 t\u00e1c d\u1ee5ng.\n        <\/p>\n<p>\n          Ngay c\u1ea3 trong ti\u00eau ch\u1ea3y do vi khu\u1ea9n<br \/>\n          (v\u00ed d\u1ee5 ng\u1ed9 \u0111\u1ed9c th\u1ef1c ph\u1ea9m do Salmonella ho\u1eb7c E. coli g\u00e2y b\u1ec7nh),<br \/>\n          vi\u1ec7c s\u1eed d\u1ee5ng kh\u00e1ng sinh c\u0169ng kh\u00f4ng ph\u1ea3i l\u00fac n\u00e0o c\u0169ng \u0111\u01b0\u1ee3c khuy\u1ebfn ngh\u1ecb.\n        <\/p>\n<\/p><\/div>\n<\/details>\n<details class=\"ls-faq-item\">\n<summary>Khi n\u00e0o c\u1ea7n d\u00f9ng kh\u00e1ng sinh?<\/summary>\n<div class=\"ls-faq-answer\">\n<p>\n          Kh\u00e1ng sinh c\u00f3 hi\u1ec7u qu\u1ea3 khi b\u1ec7nh do <strong>vi khu\u1ea9n<\/strong> g\u00e2y ra.\n        <\/p>\n<p>\n          V\u00ed d\u1ee5 nh\u01b0 vi\u00eam h\u1ecdng do vi khu\u1ea9n, vi\u00eam tai gi\u1eefa, vi\u00eam ph\u1ebf qu\u1ea3n, vi\u00eam ph\u1ed5i.\n        <\/p>\n<p>\n          Trong tr\u01b0\u1eddng h\u1ee3p ti\u00eau ch\u1ea3y do vi khu\u1ea9n n\u1eb7ng, b\u00e1c s\u0129 c\u00f3 th\u1ec3 c\u00e2n nh\u1eafc d\u00f9ng kh\u00e1ng sinh.\n        <\/p>\n<p>\n          \u0110\u00f4i khi b\u1ec7nh b\u1eaft \u0111\u1ea7u do virus, nh\u01b0ng n\u1ebfu xu\u1ea5t hi\u1ec7n bi\u1ebfn ch\u1ee9ng trong qu\u00e1 tr\u00ecnh b\u1ec7nh,<br \/>\n          kh\u00e1ng sinh c\u00f3 th\u1ec3 c\u1ea7n thi\u1ebft.\n        <\/p>\n<\/p><\/div>\n<\/details>\n<details class=\"ls-faq-item\">\n<summary>T\u1ea1i sao ph\u1ea3i s\u1eed d\u1ee5ng kh\u00e1ng sinh \u0111\u00fang c\u00e1ch?<\/summary>\n<div class=\"ls-faq-answer\">\n<p>\n          Vi\u1ec7c s\u1eed d\u1ee5ng kh\u00f4ng \u0111\u00fang c\u00e1ch c\u00f3 th\u1ec3 d\u1eabn \u0111\u1ebfn<br \/>\n          <strong>vi khu\u1ea9n kh\u00e1ng kh\u00e1ng sinh<\/strong>.\n        <\/p>\n<p>\n          Khi nhi\u1ec5m vi khu\u1ea9n kh\u00e1ng thu\u1ed1c, vi\u1ec7c \u0111i\u1ec1u tr\u1ecb s\u1ebd tr\u1edf n\u00ean kh\u00f3 kh\u0103n h\u01a1n.\n        <\/p>\n<p>\n          V\u00ec v\u1eady c\u1ea7n s\u1eed d\u1ee5ng kh\u00e1ng sinh \u0111\u00fang th\u1eddi \u0111i\u1ec3m,<br \/>\n          \u0111\u00fang li\u1ec1u l\u01b0\u1ee3ng v\u00e0 \u0111\u00fang th\u1eddi gian \u0111i\u1ec1u tr\u1ecb.\n        <\/p>\n<\/p><\/div>\n<\/details>\n<\/section>\n<p><strong>Khoa Nhi<\/strong><br \/>\n  B\u1ec7nh vi\u1ec7n Kishiwada Tokushukai<\/p>\n<\/section>\n<p><!-- ================================================= --><br \/>\n<!-- Tagalog --><br \/>\n<!-- ================================================= --><\/p>\n<section class=\"op-section\" id=\"tl\">\n<h2>Tamang Paggamit ng Antibiotics<\/h2>\n<div class=\"op-alert\">\n<p>\n      <strong>Mahalagang Impormasyon Tungkol sa Antibiotics<\/strong><br \/>\n      Mahalaga ang antibiotics sa pediatric medicine.<br \/>\n      Hinihikayat namin ang mga magulang at tagapag-alaga na magkaroon<br \/>\n      ng pangunahing kaalaman tungkol sa tamang paggamit nito.\n    <\/p>\n<\/p><\/div>\n<section class=\"op-section\">\n<h2>Mga Madalas Itanong<\/h2>\n<details class=\"ls-faq-item\">\n<summary>Kailangan ba ng antibiotics para sa sipon?<\/summary>\n<div class=\"ls-faq-answer\">\n<p><strong>Sa pangkalahatan, hindi kailangan.<\/strong><\/p>\n<p>\n          Ang antibiotics ay ginagamit para gamutin ang <strong>bacterial infections<\/strong>.<br \/>\n          Karamihan sa sipon ay sanhi ng <strong>virus<\/strong>,<br \/>\n          at hindi epektibo ang antibiotics laban sa virus.<br \/>\n          Ang pagkakaroon ng lagnat ay hindi awtomatikong nangangahulugan<br \/>\n          na kailangan ng antibiotics.\n        <\/p>\n<\/p><\/div>\n<\/details>\n<details class=\"ls-faq-item\">\n<summary>Kailangan ba ng antibiotics para sa acute diarrhea?<\/summary>\n<div class=\"ls-faq-answer\">\n<p><strong>Sa pangkalahatan, hindi kailangan.<\/strong><\/p>\n<p>\n          Karamihan sa acute diarrhea ay sanhi ng virus at hindi kailangan ng antibiotics.\n        <\/p>\n<p>\n          Kahit sa bacterial diarrhea tulad ng food poisoning<br \/>\n          na dulot ng Salmonella o pathogenic E. coli,<br \/>\n          hindi rin palaging nirerekomenda ang antibiotics.\n        <\/p>\n<\/p><\/div>\n<\/details>\n<details class=\"ls-faq-item\">\n<summary>Kailan kinakailangan ang antibiotics?<\/summary>\n<div class=\"ls-faq-answer\">\n<p>\n          Epektibo ang antibiotics kapag ang sakit ay dulot ng <strong>bacterial infection<\/strong>.\n        <\/p>\n<p>\n          Halimbawa: bacterial pharyngitis, otitis media, bronchitis, at pneumonia.\n        <\/p>\n<p>\n          Sa ilang malalang bacterial diarrhea,<br \/>\n          maaaring magpasya ang doktor na gumamit ng antibiotics.\n        <\/p>\n<p>\n          Minsan nagsisimula ang sakit bilang viral infection,<br \/>\n          ngunit maaaring kailanganin ang antibiotics kapag may komplikasyon.\n        <\/p>\n<\/p><\/div>\n<\/details>\n<details class=\"ls-faq-item\">\n<summary>Bakit mahalagang gamitin nang tama ang antibiotics?<\/summary>\n<div class=\"ls-faq-answer\">\n<p>\n          Ang maling paggamit ay maaaring magdulot ng<br \/>\n          <strong>antibiotic-resistant bacteria<\/strong>.\n        <\/p>\n<p>\n          Kapag resistant ang bacteria, mas mahirap gamutin ang sakit.\n        <\/p>\n<p>\n          Kaya mahalagang gamitin ang tamang antibiotic,<br \/>\n          sa tamang oras, tamang dose, at tamang haba ng paggamot.\n        <\/p>\n<\/p><\/div>\n<\/details>\n<\/section>\n<p><strong>Department of Pediatrics<\/strong><br \/>\n  Kishiwada Tokushukai Hospital<\/p>\n<\/section>\n","protected":false},"excerpt":{"rendered":"<p>Language: English \/ \u4e2d\u6587 \/ Ti\u1ebfng Vi\u1ec7t \/ Tagalog Appropriate Use of Antibiotics Important Information About Antibiotics Antibiotics are important medications in pediatrics. We encourage parents and guardians to have a basic understanding of their proper use. FAQ Are antibiotics necessary for colds (common cold symptoms)? No, in principle, they are not necessary. Antibiotics are [&hellip;]<\/p>\n","protected":false},"author":1,"featured_media":0,"parent":1083,"menu_order":0,"comment_status":"closed","ping_status":"closed","template":"","meta":{"footnotes":""},"class_list":["post-1435","page","type-page","status-publish","hentry"],"aioseo_notices":[],"_links":{"self":[{"href":"https:\/\/kishiwada.tokushukai.or.jp\/en\/wp-json\/wp\/v2\/pages\/1435","targetHints":{"allow":["GET"]}}],"collection":[{"href":"https:\/\/kishiwada.tokushukai.or.jp\/en\/wp-json\/wp\/v2\/pages"}],"about":[{"href":"https:\/\/kishiwada.tokushukai.or.jp\/en\/wp-json\/wp\/v2\/types\/page"}],"author":[{"embeddable":true,"href":"https:\/\/kishiwada.tokushukai.or.jp\/en\/wp-json\/wp\/v2\/users\/1"}],"replies":[{"embeddable":true,"href":"https:\/\/kishiwada.tokushukai.or.jp\/en\/wp-json\/wp\/v2\/comments?post=1435"}],"version-history":[{"count":1,"href":"https:\/\/kishiwada.tokushukai.or.jp\/en\/wp-json\/wp\/v2\/pages\/1435\/revisions"}],"predecessor-version":[{"id":1440,"href":"https:\/\/kishiwada.tokushukai.or.jp\/en\/wp-json\/wp\/v2\/pages\/1435\/revisions\/1440"}],"up":[{"embeddable":true,"href":"https:\/\/kishiwada.tokushukai.or.jp\/en\/wp-json\/wp\/v2\/pages\/1083"}],"wp:attachment":[{"href":"https:\/\/kishiwada.tokushukai.or.jp\/en\/wp-json\/wp\/v2\/media?parent=1435"}],"curies":[{"name":"wp","href":"https:\/\/api.w.org\/{rel}","templated":true}]}}